{"id":10511,"date":"2024-01-26T07:04:32","date_gmt":"2024-01-26T07:04:32","guid":{"rendered":"https:\/\/fortuno.hr\/?page_id=10511"},"modified":"2024-01-26T07:09:47","modified_gmt":"2024-01-26T07:09:47","slug":"politika-privatnosti","status":"publish","type":"page","link":"https:\/\/fortuno.hr\/de\/datenschutzrichtlinie\/","title":{"rendered":"Datenschutzrichtlinie"},"content":{"rendered":"<div data-elementor-type=\"wp-page\" data-elementor-id=\"10511\" class=\"elementor elementor-10511\" data-elementor-post-type=\"page\">\n\t\t\t\t\t\t<section class=\"elementor-section elementor-top-section elementor-element elementor-element-920faef elementor-section-boxed elementor-section-height-default elementor-section-height-default wpr-parallax-no wpr-sticky-section-no\" data-id=\"920faef\" data-element_type=\"section\">\n\t\t\t\t\t\t<div class=\"elementor-container elementor-column-gap-default\">\n\t\t\t\t\t<div class=\"elementor-column elementor-col-100 elementor-top-column elementor-element elementor-element-246c443\" data-id=\"246c443\" data-element_type=\"column\">\n\t\t\t<div class=\"elementor-widget-wrap elementor-element-populated\">\n\t\t\t\t\t\t<div class=\"elementor-element elementor-element-5cf7f38 elementor-widget elementor-widget-spacer\" data-id=\"5cf7f38\" data-element_type=\"widget\" data-widget_type=\"spacer.default\">\n\t\t\t\t<div class=\"elementor-widget-container\">\n\t\t\t\t\t\t\t<div class=\"elementor-spacer\">\n\t\t\t<div class=\"elementor-spacer-inner\"><\/div>\n\t\t<\/div>\n\t\t\t\t\t\t<\/div>\n\t\t\t\t<\/div>\n\t\t\t\t<div class=\"elementor-element elementor-element-d24e68a elementor-widget elementor-widget-heading\" data-id=\"d24e68a\" data-element_type=\"widget\" data-widget_type=\"heading.default\">\n\t\t\t\t<div class=\"elementor-widget-container\">\n\t\t\t\t\t<h1 class=\"elementor-heading-title elementor-size-default\">Datenschutzrichtlinie<\/h1>\t\t\t\t<\/div>\n\t\t\t\t<\/div>\n\t\t\t\t<div class=\"elementor-element elementor-element-ec64281 elementor-widget-divider--separator-type-pattern elementor-widget-divider--view-line elementor-widget elementor-widget-divider\" data-id=\"ec64281\" data-element_type=\"widget\" data-widget_type=\"divider.default\">\n\t\t\t\t<div class=\"elementor-widget-container\">\n\t\t\t\t\t\t\t<div class=\"elementor-divider\" style=\"--divider-pattern-url: url(&quot;data:image\/svg+xml,%3Csvg xmlns=&#039;http:\/\/www.w3.org\/2000\/svg&#039; preserveAspectRatio=&#039;none&#039; overflow=&#039;visible&#039; height=&#039;100%&#039; viewBox=&#039;0 0 20 16&#039; fill=&#039;none&#039; stroke=&#039;black&#039; stroke-width=&#039;1&#039; stroke-linecap=&#039;square&#039; stroke-miterlimit=&#039;10&#039;%3E%3Cg transform=&#039;translate(-12.000000, 0)&#039;%3E%3Cpath d=&#039;M28,0L10,18&#039;\/%3E%3Cpath d=&#039;M18,0L0,18&#039;\/%3E%3Cpath d=&#039;M48,0L30,18&#039;\/%3E%3Cpath d=&#039;M38,0L20,18&#039;\/%3E%3C\/g%3E%3C\/svg%3E&quot;);\">\n\t\t\t<span class=\"elementor-divider-separator\">\n\t\t\t\t\t\t<\/span>\n\t\t<\/div>\n\t\t\t\t\t\t<\/div>\n\t\t\t\t<\/div>\n\t\t\t\t<div class=\"elementor-element elementor-element-23ddfc5 elementor-widget elementor-widget-text-editor\" data-id=\"23ddfc5\" data-element_type=\"widget\" data-widget_type=\"text-editor.default\">\n\t\t\t\t<div class=\"elementor-widget-container\">\n\t\t\t\t\t\t\t\t\t<p><span style=\"color: #000000;\"><em>Informatik Fortuno doo<\/em> verpflichtet sich, die personenbezogenen Daten der Kunden zu sch\u00fctzen. Wir erheben nur die grundlegenden Kunden-\/Benutzerdaten, die zur Erf\u00fcllung unserer Verpflichtungen erforderlich sind. Wir informieren Kunden \u00fcber die Art und Weise, wie wir ihre Daten verwenden, und sie entscheiden, ob ihr Name in den f\u00fcr Marketingkampagnen verwendeten Listen aufgef\u00fchrt wird. S\u00e4mtliche personenbezogenen Daten des Nutzers unterliegen strengem Schutz und stehen nur den Mitarbeitern zur Verf\u00fcgung, die diese Daten f\u00fcr die Aus\u00fcbung ihrer T\u00e4tigkeit ben\u00f6tigen. Alle Mitarbeiter von Informatika Fortuno doo und Gesch\u00e4ftspartner sind f\u00fcr die Einhaltung der Grunds\u00e4tze des Datenschutzes verantwortlich.<\/span><\/p><h3><span style=\"color: #000000;\"> Erhebung und Nutzung von Informationen<\/span><\/h3><p><span style=\"color: #000000;\">Informatika Fortuno sch\u00e4tzt und sch\u00fctzt Ihre Privatsph\u00e4re. Im Rahmen der Umsetzung der angeforderten Dienstleistung und zur Bereitstellung von Benachrichtigungen und Informationen im Zusammenhang mit unseren Dienstleistungen werden wir nur die Informationen verwenden, zu deren Bereitstellung Sie sich bereit erkl\u00e4rt haben. Wir verpflichten uns, Ihre pers\u00f6nlichen Daten nicht auf eine Weise an Dritte zu verkaufen, offenzulegen oder weiterzugeben, die nicht in diesem Programm angegeben ist.<\/span><\/p><h3><span style=\"color: #000000;\"> Anmeldung<\/span><\/h3><p><span style=\"color: #000000;\">Um auf unserer Website eine Reservierung vorzunehmen oder eine Anfrage zu senden, muss der Benutzer zun\u00e4chst das Kontaktformular ausf\u00fcllen. Beim Ausf\u00fcllen des Formulars wird der Benutzer nach Kontaktinformationen (wie Name und E-Mail-Adresse) gefragt. Diese Informationen werden verwendet, um bei der Beantwortung der auf unserer Website gestellten Fragen mit dem Benutzer in Kontakt zu treten. Au\u00dferdem gew\u00e4hrleisten die Daten die Privatsph\u00e4re des Benutzers bei der Kontrolle des Reservierungsstatus und der Eingabe oder \u00c4nderung von Daten.<\/span><\/p><h3><span style=\"color: #000000;\"> Buchung<\/span><\/h3><p><span style=\"color: #000000;\">Bei der Reservierung der von uns angebotenen Waren oder Dienstleistungen fragen wir nach den pers\u00f6nlichen Daten des Reservierungsinhabers (Name, Adresse, Kontakttelefon usw.). Diese Daten werden ausschlie\u00dflich zur Durchf\u00fchrung der Dienstleistung verwendet. Zahlungsinformationen (z. B. die Kartennummer) sind besonders gesch\u00fctzt und stehen nur Banken und Kartenunternehmen zur Zahlungsautorisierung zur Verf\u00fcgung.<\/span><\/p><h3><span style=\"color: #000000;\"> Protokolldateien<\/span><\/h3><p><span style=\"color: #000000;\">Wir verwenden IP-Adressen, um Trends zu analysieren, Benutzerbewegungen zu verfolgen, Websites zu pflegen und umfassendere demografische Informationen zu sammeln. IP-Adressen werden nicht mit personenbezogenen Daten verkn\u00fcpft, die eine Identifizierung einer Person erm\u00f6glichen.<\/span><\/p><h3><span style=\"color: #000000;\"> Verf\u00fcgbarkeit von Informationen<\/span><\/h3><p><span style=\"color: #000000;\">Die gesammelten demografischen Daten stehen unseren Medienpartnern, Fachleuten und Werbetreibenden zur Verf\u00fcgung. Demografische Daten werden nicht mit personenbezogenen Daten verkn\u00fcpft, die zur Identifizierung einer Person genutzt werden k\u00f6nnen. Bei der Bereitstellung bestimmter Dienstleistungen arbeiten wir mit einem Dritten zusammen. Der Name oder andere Kontaktinformationen werden dem Dritten nur dann zug\u00e4nglich gemacht, wenn der Benutzer diese Dienste anfordert. Eine Nutzung personenbezogener Daten durch den Dritten ist au\u00dfer zur Erbringung der genannten Leistungen nicht gestattet.<\/span><\/p><h3><span style=\"color: #000000;\">Links<\/span><\/h3><p><span style=\"color: #000000;\">Unsere Website kann Links zu anderen Websites enthalten. Das Unternehmen Informatika Fortuno doo kann nicht f\u00fcr die Wahrung der Privatsph\u00e4re auf anderen Websites verantwortlich gemacht werden. Wir empfehlen Benutzern, die Datenschutzerkl\u00e4rungen jeder Website zu lesen, die ihre pers\u00f6nlichen Daten erfasst und verwendet. Diese Datenschutzerkl\u00e4rung gilt ausschlie\u00dflich f\u00fcr die auf dieser Website gesammelten Informationen.<\/span><\/p><h3><span style=\"color: #000000;\"> Newsletter<\/span><\/h3><p><span style=\"color: #000000;\">Wenn sich der Nutzer f\u00fcr den Newsletterversand anmeldet, werden seine Kontaktdaten abgefragt.<\/span><\/p><h3><span style=\"color: #000000;\"> Frageb\u00f6gen<\/span><\/h3><p><span style=\"color: #000000;\">Bei der Beantwortung von Frageb\u00f6gen erfragt unsere Website gelegentlich Angaben von Nutzern. Die Teilnahme an Frageb\u00f6gen und Gewinnspielen ist v\u00f6llig freiwillig und es obliegt dem Nutzer, die angeforderten Informationen bereitzustellen. Zu den angeforderten Informationen k\u00f6nnen Kontaktinformationen wie Name oder Privatadresse sowie demografische Informationen wie Postleitzahl oder Alter geh\u00f6ren. Die Kontaktinformationen werden zur Benachrichtigung der Gewinner und Preistr\u00e4ger verwendet. Die Ergebnisse des Fragebogens werden zur \u00dcberwachung und Verbesserung unserer Website und\/oder unserer Dienstleistungen verwendet.<\/span><\/p><h3><span style=\"color: #000000;\"> Sicherheit<\/span><\/h3><p><span style=\"color: #000000;\">Wir ergreifen alle notwendigen Ma\u00dfnahmen, um den Schutz der Nutzerdaten auf unseren Seiten zu gew\u00e4hrleisten. Vertrauliche Daten werden sowohl online als auch offline gesch\u00fctzt. Wenn unsere Formulare vertrauliche Informationen erfordern, werden diese Informationen verschl\u00fcsselt und durch ein sicheres Protokoll (SSL) gesch\u00fctzt. Internetbrowser wie Internet Explorer, Google Chrome oder Firefox weisen mit einem Vorh\u00e4ngeschloss-Symbol auf den Schutz von Seiten hin. Wenn das Vorh\u00e4ngeschloss am Symbol geschlossen ist, befinden Sie sich auf einer gesch\u00fctzten Seite. Wir nutzen SSL-Verschl\u00fcsselung, um Benutzerdaten online zu sch\u00fctzen und tun alles in unserer Macht Stehende, um Daten offline zu sch\u00fctzen. Der Zugriff auf alle Daten unserer Nutzer ist eingeschr\u00e4nkt. Nur Mitarbeiter, die diese Informationen zur Erbringung bestimmter Leistungen ben\u00f6tigen, haben Zugriff auf vertrauliche Daten. F\u00fcr alle weiteren Fragen zur Sicherheit auf unseren Websites k\u00f6nnen Sie eine E-Mail an info@fortuno.hr senden<\/span><\/p><h3><span style=\"color: #000000;\"> Sonderangebot<\/span><\/h3><p><span style=\"color: #000000;\">Von Zeit zu Zeit erhalten Sie m\u00f6glicherweise Informationen \u00fcber Produkte, Dienstleistungen und Sonderangebote sowie Newsletter. Wir respektieren die Privatsph\u00e4re der Nutzer und bieten die M\u00f6glichkeit, die Bereitstellung von Informationen f\u00fcr die genannten Zwecke zu verweigern.<\/span><\/p><h3><span style=\"color: #000000;\"> Korrektur\/Aktualisierung personenbezogener Daten<\/span><\/h3><p><span style=\"color: #000000;\">Der Beklagte hat folgende Rechte:\u00a0<\/span><\/p><ul><li><span style=\"color: #000000;\">Recht auf Berichtigung<\/span><\/li><li><span style=\"color: #000000;\">Recht auf L\u00f6schung\/Vergessenheit<\/span><\/li><li><span style=\"color: #000000;\">das Recht auf Einschr\u00e4nkung der Verarbeitung<\/span><\/li><li><span style=\"color: #000000;\">das Recht auf Daten\u00fcbertragbarkeit<\/span><\/li><li><span style=\"color: #000000;\">Zugangsrecht<\/span><\/li><li><span style=\"color: #000000;\">das Recht auf Widerspruch.<\/span><\/li><\/ul><p><span style=\"color: #000000;\">F\u00fcr alle Anfragen k\u00f6nnen Sie sich an den Datenschutzbeauftragten von Informatika Fortuno doo wenden, dessen Kontaktdaten und Kontaktdaten weiter unten aufgef\u00fchrt sind.<\/span><\/p><p><span style=\"color: #000000;\">Dragutina \u017dani\u0107a-Karle 27a, 32 100 Vinkovci<\/span><br \/><span style=\"color: #000000;\">E-Mail: Privacy@fortuno.hr<\/span><\/p><h3><span style=\"color: #000000;\"> Benachrichtigung \u00fcber \u00c4nderungen<\/span><\/h3><p><span style=\"color: #000000;\">Wenn wir beschlie\u00dfen, unsere Datenschutzrichtlinie zu \u00e4ndern, werden wir einen Hinweis auf der Startseite unserer Website ver\u00f6ffentlichen. Benutzer sind jederzeit mit den von uns erfassten Daten vertraut, wissen, wie wir die erfassten Daten verwenden und unter welchen Bedingungen wir personenbezogene Daten offenlegen d\u00fcrfen. Sollten wir uns zu irgendeinem Zeitpunkt daf\u00fcr entscheiden, die personenbezogenen Daten des Nutzers auf eine andere Art und Weise zu verwenden, als zum Zeitpunkt ihrer Erhebung angegeben, senden wir dem Nutzer eine E-Mail. Benutzer k\u00f6nnen die Verwendung von Daten auf neue Weise genehmigen oder ablehnen. Wir verwenden die Daten gem\u00e4\u00df den zum Zeitpunkt der Erhebung der Daten des Nutzers geltenden Datenschutzbestimmungen.<\/span><\/p><p>\u00a0<\/p><h3>Cookie-Richtlinie<\/h3><p><span style=\"color: #000000;\">Ein Cookie sind Daten, die eine Website auf dem Computer oder Mobilger\u00e4t eines Besuchers speichert. Ein Cookie erm\u00f6glicht es der Website, sich an die Aktionen des Besuchers w\u00e4hrend seiner Besuche zu erinnern. Die meisten Browser erlauben die Verwendung von Cookies, der Benutzer kann Cookies jedoch jederzeit l\u00f6schen oder den Browser so einstellen, dass er die Verwendung von Cookies verbietet. Die h\u00e4ufigsten Gr\u00fcnde f\u00fcr die Verwendung von Cookies sind die Benutzeridentifizierung, das Merken von Benutzerpr\u00e4ferenzen, die Unterst\u00fctzung bei der Eingabe oder Anzeige von Inhalten, die bereits bei fr\u00fcheren Besuchen eingegeben wurden, sowie das Sammeln von Daten f\u00fcr Analysen und Werbekampagnen. Durch den Einsatz von Cookies werden beim Besuch unserer Seiten automatisch bestimmte Daten von Ihrem Computer erfasst. Zu diesen Daten k\u00f6nnen die IP-Adresse, Datum und Uhrzeit des Zugriffs, Informationen \u00fcber den Computertyp, das Betriebssystem, den von Ihnen verwendeten Browser, Programmversionen sowie die Spracheinstellungen Ihres Computers geh\u00f6ren. Wenn Sie auf die Seite selbst zugreifen, wird Ihnen eine Benachrichtigung \u00fcber die Verwendung von Cookies angezeigt, die diese Daten erfassen. Durch Klicken auf das Feld \u201eIch stimme zu\u201c geben Sie uns Ihr Einverst\u00e4ndnis zur Erfassung dieser Daten. Sofern Sie auf den Seiten Ihre Einwilligung nicht erteilen, werden diese Daten nicht erhoben, gespeichert und verarbeitet. Cookies werden auf dem Computer gespeichert und nach dem Schlie\u00dfen des Browsers sofort gel\u00f6scht und erm\u00f6glichen der Website die Erfassung tempor\u00e4rer Daten wie z. B. des Warenkorbs. In den Browsereinstellungen k\u00f6nnen Sie festlegen, ob Sie Cookies akzeptieren oder ablehnen m\u00f6chten. Der Ort zum Bearbeiten der Einstellungen h\u00e4ngt vom Browsertyp ab und kann bei der Suche nach Hilfe oder der Hilfedatei gefunden werden. Wenn Sie entscheiden, dass Sie keine Cookies von der Website fortuno.hr akzeptieren m\u00f6chten, besteht die M\u00f6glichkeit, dass Sie bestimmte Funktionen der Website nicht nutzen k\u00f6nnen.<\/span><\/p>\t\t\t\t\t\t\t\t<\/div>\n\t\t\t\t<\/div>\n\t\t\t\t\t<\/div>\n\t\t<\/div>\n\t\t\t\t\t<\/div>\n\t\t<\/section>\n\t\t\t\t<\/div>","protected":false},"excerpt":{"rendered":"<p>Lesen Sie unsere Datenschutzbestimmungen<\/p>","protected":false},"author":3,"featured_media":0,"parent":0,"menu_order":0,"comment_status":"closed","ping_status":"closed","template":"","meta":{"_acf_changed":false,"_monsterinsights_skip_tracking":false,"_monsterinsights_sitenote_active":false,"_monsterinsights_sitenote_note":"","_monsterinsights_sitenote_category":0,"footnotes":""},"aplikacija":[],"class_list":["post-10511","page","type-page","status-publish","hentry"],"acf":[],"aioseo_notices":[],"_links":{"self":[{"href":"https:\/\/fortuno.hr\/de\/wp-json\/wp\/v2\/pages\/10511","targetHints":{"allow":["GET"]}}],"collection":[{"href":"https:\/\/fortuno.hr\/de\/wp-json\/wp\/v2\/pages"}],"about":[{"href":"https:\/\/fortuno.hr\/de\/wp-json\/wp\/v2\/types\/page"}],"author":[{"embeddable":true,"href":"https:\/\/fortuno.hr\/de\/wp-json\/wp\/v2\/users\/3"}],"replies":[{"embeddable":true,"href":"https:\/\/fortuno.hr\/de\/wp-json\/wp\/v2\/comments?post=10511"}],"version-history":[{"count":5,"href":"https:\/\/fortuno.hr\/de\/wp-json\/wp\/v2\/pages\/10511\/revisions"}],"predecessor-version":[{"id":10517,"href":"https:\/\/fortuno.hr\/de\/wp-json\/wp\/v2\/pages\/10511\/revisions\/10517"}],"wp:attachment":[{"href":"https:\/\/fortuno.hr\/de\/wp-json\/wp\/v2\/media?parent=10511"}],"wp:term":[{"taxonomy":"aplikacija","embeddable":true,"href":"https:\/\/fortuno.hr\/de\/wp-json\/wp\/v2\/aplikacija?post=10511"}],"curies":[{"name":"wp","href":"https:\/\/api.w.org\/{rel}","templated":true}]}}