{"id":10511,"date":"2024-01-26T07:04:32","date_gmt":"2024-01-26T07:04:32","guid":{"rendered":"https:\/\/fortuno.hr\/?page_id=10511"},"modified":"2024-01-26T07:09:47","modified_gmt":"2024-01-26T07:09:47","slug":"politika-privatnosti","status":"publish","type":"page","link":"https:\/\/fortuno.hr\/es\/politica-de-privacidad\/","title":{"rendered":"Pol\u00edtica de privacidad"},"content":{"rendered":"<div data-elementor-type=\"wp-page\" data-elementor-id=\"10511\" class=\"elementor elementor-10511\" data-elementor-post-type=\"page\">\n\t\t\t\t\t\t<section class=\"elementor-section elementor-top-section elementor-element elementor-element-920faef elementor-section-boxed elementor-section-height-default elementor-section-height-default wpr-parallax-no wpr-sticky-section-no\" data-id=\"920faef\" data-element_type=\"section\">\n\t\t\t\t\t\t<div class=\"elementor-container elementor-column-gap-default\">\n\t\t\t\t\t<div class=\"elementor-column elementor-col-100 elementor-top-column elementor-element elementor-element-246c443\" data-id=\"246c443\" data-element_type=\"column\">\n\t\t\t<div class=\"elementor-widget-wrap elementor-element-populated\">\n\t\t\t\t\t\t<div class=\"elementor-element elementor-element-5cf7f38 elementor-widget elementor-widget-spacer\" data-id=\"5cf7f38\" data-element_type=\"widget\" data-widget_type=\"spacer.default\">\n\t\t\t\t<div class=\"elementor-widget-container\">\n\t\t\t\t\t\t\t<div class=\"elementor-spacer\">\n\t\t\t<div class=\"elementor-spacer-inner\"><\/div>\n\t\t<\/div>\n\t\t\t\t\t\t<\/div>\n\t\t\t\t<\/div>\n\t\t\t\t<div class=\"elementor-element elementor-element-d24e68a elementor-widget elementor-widget-heading\" data-id=\"d24e68a\" data-element_type=\"widget\" data-widget_type=\"heading.default\">\n\t\t\t\t<div class=\"elementor-widget-container\">\n\t\t\t\t\t<h1 class=\"elementor-heading-title elementor-size-default\">Pol\u00edtica de privacidad<\/h1>\t\t\t\t<\/div>\n\t\t\t\t<\/div>\n\t\t\t\t<div class=\"elementor-element elementor-element-ec64281 elementor-widget-divider--separator-type-pattern elementor-widget-divider--view-line elementor-widget elementor-widget-divider\" data-id=\"ec64281\" data-element_type=\"widget\" data-widget_type=\"divider.default\">\n\t\t\t\t<div class=\"elementor-widget-container\">\n\t\t\t\t\t\t\t<div class=\"elementor-divider\" style=\"--divider-pattern-url: url(&quot;data:image\/svg+xml,%3Csvg xmlns=&#039;http:\/\/www.w3.org\/2000\/svg&#039; preserveAspectRatio=&#039;none&#039; overflow=&#039;visible&#039; height=&#039;100%&#039; viewBox=&#039;0 0 20 16&#039; fill=&#039;none&#039; stroke=&#039;black&#039; stroke-width=&#039;1&#039; stroke-linecap=&#039;square&#039; stroke-miterlimit=&#039;10&#039;%3E%3Cg transform=&#039;translate(-12.000000, 0)&#039;%3E%3Cpath d=&#039;M28,0L10,18&#039;\/%3E%3Cpath d=&#039;M18,0L0,18&#039;\/%3E%3Cpath d=&#039;M48,0L30,18&#039;\/%3E%3Cpath d=&#039;M38,0L20,18&#039;\/%3E%3C\/g%3E%3C\/svg%3E&quot;);\">\n\t\t\t<span class=\"elementor-divider-separator\">\n\t\t\t\t\t\t<\/span>\n\t\t<\/div>\n\t\t\t\t\t\t<\/div>\n\t\t\t\t<\/div>\n\t\t\t\t<div class=\"elementor-element elementor-element-23ddfc5 elementor-widget elementor-widget-text-editor\" data-id=\"23ddfc5\" data-element_type=\"widget\" data-widget_type=\"text-editor.default\">\n\t\t\t\t<div class=\"elementor-widget-container\">\n\t\t\t\t\t\t\t\t\t<p><span style=\"color: #000000;\"><em>Inform\u00e1tica Fortuno doo<\/em> se compromete a proteger los datos personales de los clientes. Solo recopilamos datos b\u00e1sicos de clientes\/usuarios que son necesarios para cumplir con nuestras obligaciones. Informamos a los clientes sobre la forma en que utilizamos sus datos y ellos deciden si su nombre aparecer\u00e1 en las listas utilizadas para las campa\u00f1as de marketing. Todos los datos personales del usuario est\u00e1n estrictamente protegidos, solo est\u00e1n disponibles para los empleados que necesitan estos datos para realizar su trabajo. Todos los empleados de Informatika Fortuno doo y socios comerciales son responsables de respetar los principios de protecci\u00f3n de la privacidad.<\/span><\/p><h3><span style=\"color: #000000;\"> Recopilaci\u00f3n y uso de informaci\u00f3n.<\/span><\/h3><p><span style=\"color: #000000;\">Informatika Fortuno valora y protege su privacidad. En el proceso de realizar el servicio solicitado y para proporcionar notificaciones e informaci\u00f3n relacionada con nuestros servicios, solo usaremos la informaci\u00f3n que usted acepta proporcionar. Nos comprometemos a no vender, divulgar ni dar su informaci\u00f3n personal a terceros de una manera que no est\u00e9 especificada en este programa.<\/span><\/p><h3><span style=\"color: #000000;\"> Registro<\/span><\/h3><p><span style=\"color: #000000;\">Para realizar una reserva o enviar una consulta en nuestro sitio web, el usuario primero debe completar el formulario de contacto. Al completar el formulario, se le solicita al usuario informaci\u00f3n de contacto (como nombre y direcci\u00f3n de correo electr\u00f3nico). Esta informaci\u00f3n se utiliza para ponerse en contacto con el usuario cuando responde a las preguntas formuladas en nuestro sitio web. Adem\u00e1s, los datos garantizan la privacidad del usuario a la hora de controlar el estado de la reserva e introducir o modificar datos.<\/span><\/p><h3><span style=\"color: #000000;\"> Reserva<\/span><\/h3><p><span style=\"color: #000000;\">Al reservar los bienes o servicios que ofrecemos, le solicitaremos los datos personales del titular de la reserva (nombre, direcci\u00f3n, tel\u00e9fono de contacto, etc.). Estos datos ser\u00e1n utilizados exclusivamente para la realizaci\u00f3n del servicio. La informaci\u00f3n de pago (como el n\u00famero de tarjeta) est\u00e1 especialmente protegida y solo estar\u00e1 disponible para bancos y compa\u00f1\u00edas de tarjetas para autorizaci\u00f3n de pago.<\/span><\/p><h3><span style=\"color: #000000;\"> Archivos de registro<\/span><\/h3><p><span style=\"color: #000000;\">Utilizamos direcciones IP para analizar tendencias, rastrear los movimientos de los usuarios, mantener sitios web y recopilar informaci\u00f3n demogr\u00e1fica m\u00e1s amplia. Las direcciones IP no est\u00e1n vinculadas a datos personales que puedan utilizarse para identificar a un individuo.<\/span><\/p><h3><span style=\"color: #000000;\"> Disponibilidad de informaci\u00f3n<\/span><\/h3><p><span style=\"color: #000000;\">Los datos demogr\u00e1ficos recopilados estar\u00e1n disponibles para nuestros socios de medios, profesionales y anunciantes. Los datos demogr\u00e1ficos no est\u00e1n vinculados a datos personales que puedan utilizarse para identificar a un individuo. Al proporcionar ciertos servicios, nos asociamos con un tercero. El nombre u otra informaci\u00f3n de contacto estar\u00e1n disponibles para el tercero s\u00f3lo si el usuario solicita estos servicios. El tercero no puede utilizar datos personales excepto con el fin de proporcionar los servicios especificados.<\/span><\/p><h3><span style=\"color: #000000;\">Enlaces<\/span><\/h3><p><span style=\"color: #000000;\">Nuestro sitio web puede contener enlaces a otros sitios web. La empresa Informatika Fortuno doo no puede ser responsable del respeto a la privacidad en otros sitios web. Alentamos a los usuarios a leer las declaraciones de privacidad de cada sitio web que recopila y utiliza su informaci\u00f3n personal. Esta declaraci\u00f3n de privacidad se aplica \u00fanicamente a la informaci\u00f3n recopilada en este sitio web.<\/span><\/p><h3><span style=\"color: #000000;\"> Boletin informativo<\/span><\/h3><p><span style=\"color: #000000;\">Si el usuario se registra para recibir la newsletter, se solicitar\u00e1n sus datos de contacto.<\/span><\/p><h3><span style=\"color: #000000;\"> Cuestionarios<\/span><\/h3><p><span style=\"color: #000000;\">Nuestro sitio web solicita ocasionalmente informaci\u00f3n a los usuarios al responder cuestionarios. La participaci\u00f3n en cuestionarios y sorteos es completamente voluntaria y corresponde al usuario proporcionar la informaci\u00f3n solicitada. La informaci\u00f3n solicitada puede incluir informaci\u00f3n de contacto como nombre o direcci\u00f3n particular e informaci\u00f3n demogr\u00e1fica como c\u00f3digo postal o edad. La informaci\u00f3n de contacto se utilizar\u00e1 para notificar a los ganadores y a los ganadores de premios. Los resultados del cuestionario se utilizar\u00e1n para monitorear y mejorar nuestro sitio web y\/o nuestros servicios.<\/span><\/p><h3><span style=\"color: #000000;\"> Seguridad<\/span><\/h3><p><span style=\"color: #000000;\">Tomamos todas las medidas necesarias para garantizar que los datos de los usuarios est\u00e9n protegidos en nuestras p\u00e1ginas. Los datos confidenciales est\u00e1n protegidos tanto en l\u00ednea como fuera de l\u00ednea. Si nuestros formularios requieren informaci\u00f3n confidencial, esta informaci\u00f3n est\u00e1 cifrada y protegida por un protocolo seguro (SSL). Los navegadores de Internet como Internet Explorer, Google Chrome o Firefox indican la protecci\u00f3n de p\u00e1ginas con un icono de candado. Si el candado del icono est\u00e1 cerrado, est\u00e1s en una p\u00e1gina protegida. Utilizamos cifrado SSL para proteger los datos de los usuarios en l\u00ednea y hacemos todo lo posible para proteger los datos fuera de l\u00ednea. El acceso a todos los datos sobre nuestros usuarios es limitado. S\u00f3lo los empleados que necesitan esta informaci\u00f3n para realizar determinados servicios tienen acceso a datos confidenciales. Para todas las preguntas adicionales sobre la seguridad en nuestros sitios web, puede enviar un correo electr\u00f3nico a: info@fortuno.hr<\/span><\/p><h3><span style=\"color: #000000;\"> Oferta especial<\/span><\/h3><p><span style=\"color: #000000;\">De vez en cuando puede recibir informaci\u00f3n sobre productos, servicios y ofertas especiales, as\u00ed como boletines informativos. Respetamos la privacidad del usuario y ofrecemos la opci\u00f3n de negarnos a proporcionar informaci\u00f3n para los fines indicados.<\/span><\/p><h3><span style=\"color: #000000;\"> Correcci\u00f3n\/Actualizaci\u00f3n de datos personales<\/span><\/h3><p><span style=\"color: #000000;\">El demandado tiene los siguientes derechos:\u00a0<\/span><\/p><ul><li><span style=\"color: #000000;\">derecho a la correcci\u00f3n<\/span><\/li><li><span style=\"color: #000000;\">derecho a la supresi\u00f3n\/olvido<\/span><\/li><li><span style=\"color: #000000;\">el derecho a la restricci\u00f3n del procesamiento<\/span><\/li><li><span style=\"color: #000000;\">el derecho a la portabilidad de los datos<\/span><\/li><li><span style=\"color: #000000;\">derecho de acceso<\/span><\/li><li><span style=\"color: #000000;\">el derecho a oponerse.<\/span><\/li><\/ul><p><span style=\"color: #000000;\">Para todas las solicitudes, puede ponerse en contacto con el delegado de protecci\u00f3n de datos personales de Informatika Fortuno doo cuyos datos y contacto se encuentran a continuaci\u00f3n.<\/span><\/p><p><span style=\"color: #000000;\">Dragutina \u017dani\u0107a-Karle 27a, 32 100 Vinkovci<\/span><br \/><span style=\"color: #000000;\">correo electr\u00f3nico: privacidad@fortuno.hr<\/span><\/p><h3><span style=\"color: #000000;\"> Notificaci\u00f3n de cambios<\/span><\/h3><p><span style=\"color: #000000;\">Si decidimos cambiar nuestra pol\u00edtica de privacidad, publicaremos un aviso en la p\u00e1gina principal de nuestro sitio web. Los usuarios siempre estar\u00e1n familiarizados con los datos que recopilamos, con las formas en que utilizamos los datos recopilados y bajo qu\u00e9 condiciones podemos revelar datos personales. Si en alg\u00fan momento decidimos utilizar los datos personales del usuario de una forma diferente a la indicada en el momento en que fueron obtenidos, le enviaremos un correo electr\u00f3nico al usuario. Los usuarios podr\u00e1n aprobar o rechazar el uso de datos de una nueva forma. Utilizaremos los datos de acuerdo con la pol\u00edtica de privacidad vigente en el momento en que se recopilen los datos del usuario.<\/span><\/p><p>\u00a0<\/p><h3>Pol\u00edtica de cookies<\/h3><p><span style=\"color: #000000;\">Una cookie son datos que un sitio web almacena en la computadora o dispositivo m\u00f3vil de un visitante. Una cookie permite al sitio web recordar las acciones del visitante en sus visitas. La mayor\u00eda de los navegadores permiten el uso de cookies, pero el usuario puede eliminarlas en cualquier momento o configurar el navegador para prohibir el uso de cookies. Los motivos m\u00e1s habituales para utilizar cookies son la identificaci\u00f3n del usuario, recordar las preferencias del usuario, ayudar a introducir o visualizar contenidos ya introducidos en visitas anteriores, recopilar datos para an\u00e1lisis y campa\u00f1as promocionales. Al utilizar cookies, ciertos datos se recopilan autom\u00e1ticamente de su computadora cuando visita nuestras p\u00e1ginas. Estos datos pueden incluir la direcci\u00f3n IP, fecha y hora de acceso, informaci\u00f3n sobre el tipo de computadora, sistema operativo, navegador que utiliza, versiones del programa, as\u00ed como la configuraci\u00f3n de idioma de su computadora. Al acceder a la propia p\u00e1gina ver\u00e1s una notificaci\u00f3n sobre el uso de cookies que recogen estos datos, y al pulsar en el campo &quot;Acepto&quot; nos das tu consentimiento para recoger estos datos. Si no da su consentimiento en las p\u00e1ginas, estos datos no ser\u00e1n recogidos, almacenados ni tratados. Las cookies se almacenan en la computadora y se eliminan inmediatamente despu\u00e9s de cerrar el navegador y permiten que el sitio recopile datos temporales como el carrito de compras. En la configuraci\u00f3n del navegador usted puede determinar si desea aceptar o rechazar las cookies. El lugar para editar la configuraci\u00f3n depende del tipo de navegador y se puede encontrar al buscar ayuda o el archivo de ayuda. Si decide que no desea aceptar cookies del sitio web fortuno.hr, existe la posibilidad de que no pueda utilizar ciertas funciones del sitio web.<\/span><\/p>\t\t\t\t\t\t\t\t<\/div>\n\t\t\t\t<\/div>\n\t\t\t\t\t<\/div>\n\t\t<\/div>\n\t\t\t\t\t<\/div>\n\t\t<\/section>\n\t\t\t\t<\/div>","protected":false},"excerpt":{"rendered":"<p>Lea nuestra pol\u00edtica de privacidad<\/p>","protected":false},"author":3,"featured_media":0,"parent":0,"menu_order":0,"comment_status":"closed","ping_status":"closed","template":"","meta":{"_acf_changed":false,"_monsterinsights_skip_tracking":false,"_monsterinsights_sitenote_active":false,"_monsterinsights_sitenote_note":"","_monsterinsights_sitenote_category":0,"footnotes":""},"aplikacija":[],"class_list":["post-10511","page","type-page","status-publish","hentry"],"acf":[],"aioseo_notices":[],"_links":{"self":[{"href":"https:\/\/fortuno.hr\/es\/wp-json\/wp\/v2\/pages\/10511","targetHints":{"allow":["GET"]}}],"collection":[{"href":"https:\/\/fortuno.hr\/es\/wp-json\/wp\/v2\/pages"}],"about":[{"href":"https:\/\/fortuno.hr\/es\/wp-json\/wp\/v2\/types\/page"}],"author":[{"embeddable":true,"href":"https:\/\/fortuno.hr\/es\/wp-json\/wp\/v2\/users\/3"}],"replies":[{"embeddable":true,"href":"https:\/\/fortuno.hr\/es\/wp-json\/wp\/v2\/comments?post=10511"}],"version-history":[{"count":5,"href":"https:\/\/fortuno.hr\/es\/wp-json\/wp\/v2\/pages\/10511\/revisions"}],"predecessor-version":[{"id":10517,"href":"https:\/\/fortuno.hr\/es\/wp-json\/wp\/v2\/pages\/10511\/revisions\/10517"}],"wp:attachment":[{"href":"https:\/\/fortuno.hr\/es\/wp-json\/wp\/v2\/media?parent=10511"}],"wp:term":[{"taxonomy":"aplikacija","embeddable":true,"href":"https:\/\/fortuno.hr\/es\/wp-json\/wp\/v2\/aplikacija?post=10511"}],"curies":[{"name":"wp","href":"https:\/\/api.w.org\/{rel}","templated":true}]}}